{"id":168,"date":"2022-04-26T12:30:23","date_gmt":"2022-04-26T09:30:23","guid":{"rendered":"https:\/\/www.albayrak.com.tr\/fr\/?page_id=168"},"modified":"2023-03-13T10:55:09","modified_gmt":"2023-03-13T07:55:09","slug":"a-propos-de-nous","status":"publish","type":"page","link":"https:\/\/www.albayrak.com.tr\/fr\/a-propos-de-nous\/","title":{"rendered":"\u00c0 PROPOS DE NOUS"},"content":{"rendered":"<p>Le Groupe Albayrak a commenc\u00e9 \u00e0 op\u00e9rer dans la construction en 1952 et s&#8217;est d\u00e9velopp\u00e9 sans rel\u00e2che parall\u00e8lement \u00e0 la croissance de l&#8217;\u00e9conomie nationale. Le Groupe a renforc\u00e9 la Turquie gr\u00e2ce \u00e0 ses solides investissements dans de nouvelles industries au cours de chaque p\u00e9riode d&#8217;expansion. Pr\u00e8s de 80 entreprises et marques d&#8217;\u00e9dition op\u00e8rent sous le Groupe Albayrak dans plus de 20 secteurs, notamment la construction et les partenariats d&#8217;investissement immobilier, l&#8217;industrie, la logistique, les m\u00e9dias et le tourisme.<\/p>\n<p>Cr\u00e9ant des opportunit\u00e9s d&#8217;emploi pour pr\u00e8s de 10 000 personnes dans le pays, le Groupe Albayrak fait avantage de sa confiance \u00e0 l&#8217;avenir de la Turquie, qui a \u00e9t\u00e9 le moteur de son succ\u00e8s pendant de longues ann\u00e9es.<\/p>\n","protected":false},"excerpt":{"rendered":"<p>Le Groupe Albayrak a commenc\u00e9 \u00e0 op\u00e9rer dans la construction en 1952 et s&#8217;est d\u00e9velopp\u00e9 sans rel\u00e2che parall\u00e8lement \u00e0 la croissance de l&#8217;\u00e9conomie nationale. Le Groupe a renforc\u00e9 la Turquie gr\u00e2ce \u00e0 ses solides investissements dans de nouvelles industries au cours de chaque p\u00e9riode d&#8217;expansion. Pr\u00e8s de 80 entreprises et marques d&#8217;\u00e9dition op\u00e8rent sous le [&hellip;]<\/p>\n","protected":false},"author":2,"featured_media":1314,"parent":0,"menu_order":0,"comment_status":"closed","ping_status":"closed","template":"","meta":{"footnotes":""},"class_list":["post-168","page","type-page","status-publish","has-post-thumbnail","hentry"],"_links":{"self":[{"href":"https:\/\/www.albayrak.com.tr\/fr\/wp-json\/wp\/v2\/pages\/168","targetHints":{"allow":["GET"]}}],"collection":[{"href":"https:\/\/www.albayrak.com.tr\/fr\/wp-json\/wp\/v2\/pages"}],"about":[{"href":"https:\/\/www.albayrak.com.tr\/fr\/wp-json\/wp\/v2\/types\/page"}],"author":[{"embeddable":true,"href":"https:\/\/www.albayrak.com.tr\/fr\/wp-json\/wp\/v2\/users\/2"}],"replies":[{"embeddable":true,"href":"https:\/\/www.albayrak.com.tr\/fr\/wp-json\/wp\/v2\/comments?post=168"}],"version-history":[{"count":23,"href":"https:\/\/www.albayrak.com.tr\/fr\/wp-json\/wp\/v2\/pages\/168\/revisions"}],"predecessor-version":[{"id":1567,"href":"https:\/\/www.albayrak.com.tr\/fr\/wp-json\/wp\/v2\/pages\/168\/revisions\/1567"}],"wp:featuredmedia":[{"embeddable":true,"href":"https:\/\/www.albayrak.com.tr\/fr\/wp-json\/wp\/v2\/media\/1314"}],"wp:attachment":[{"href":"https:\/\/www.albayrak.com.tr\/fr\/wp-json\/wp\/v2\/media?parent=168"}],"curies":[{"name":"wp","href":"https:\/\/api.w.org\/{rel}","templated":true}]}}