{"id":3,"date":"2022-04-11T03:36:07","date_gmt":"2022-04-11T00:36:07","guid":{"rendered":"https:\/\/www.albayrak.com.tr\/fr\/?page_id=3"},"modified":"2022-09-19T13:03:17","modified_gmt":"2022-09-19T10:03:17","slug":"politique-de-confidentialite","status":"publish","type":"page","link":"https:\/\/www.albayrak.com.tr\/fr\/politique-de-confidentialite\/","title":{"rendered":"POLITIQUE DE CONFIDENTIALIT\u00c9"},"content":{"rendered":"\r\n<p>Le site albayrak.com.tr appartient au Groupe Albayrak et la s\u00e9curit\u00e9 des informations de nos visiteurs visitant cette adresse est d&#8217;une grande importance pour le Groupe Albayrak. Ce texte a \u00e9t\u00e9 pr\u00e9par\u00e9 pour vous informer sur la s\u00e9curit\u00e9 de l&#8217;information.<\/p>\r\n<p>Vous pouvez visiter notre site Web aussi souvent que vous le souhaitez sans partager vos informations personnelles. Lors de votre visite sur notre site Web, vos informations personnelles ne sont fournies par nous que dans le cadre de vos connaissances.<\/p>\r\n<p>Le Groupe Albayrak ne vend ou ne loue pas les donn\u00e9es personnelles (nom, adresse e-mail, adresse professionnelle et personnelle, num\u00e9ro de t\u00e9l\u00e9phone, etc.) soumises par ses visiteurs via les formulaires de son site \u00e0 des tiers ou n\u2019utilise pas ces donn\u00e9es.<\/p>\r\n<ul>\r\n<li>Le Groupe Albayrak utilisera ces informations aux fins suivantes :<\/li>\r\n<li>Pour vous envoyer des publications imprim\u00e9es\/des correspondances,<\/li>\r\n<li>Pour vous envoyer des communiqu\u00e9s de presse ou des avis par e-mail,<\/li>\r\n<li>Pour \u00e9valuer vos demandes lors des processus de recrutement<\/li>\r\n<\/ul>\r\n<p>Seul le personnel autoris\u00e9 d&#8217;Albayrak ayant accept\u00e9 de garder les informations confidentielles peut acc\u00e9der aux informations personnelles.<\/p>\r\n<p>Le Groupe Albayrak ne garantit pas que les autres sites que vous visiterez via les liens de son site seront conformes \u00e0 la politique de confidentialit\u00e9 du Groupe Albayrak. Pour cette raison, nous vous recommandons d&#8217;\u00e9valuer les approches de confidentialit\u00e9 des sites que vous visitez avant de fournir des informations personnellement identifiables.<\/p>\r\n","protected":false},"excerpt":{"rendered":"<p>Le site albayrak.com.tr appartient au Groupe Albayrak et la s\u00e9curit\u00e9 des informations de nos visiteurs visitant cette adresse est d&#8217;une grande importance pour le Groupe Albayrak. Ce texte a \u00e9t\u00e9 pr\u00e9par\u00e9 pour vous informer sur la s\u00e9curit\u00e9 de l&#8217;information. Vous pouvez visiter notre site Web aussi souvent que vous le souhaitez sans partager vos informations [&hellip;]<\/p>\n","protected":false},"author":1,"featured_media":1252,"parent":0,"menu_order":0,"comment_status":"closed","ping_status":"closed","template":"","meta":{"footnotes":""},"class_list":["post-3","page","type-page","status-publish","has-post-thumbnail","hentry"],"_links":{"self":[{"href":"https:\/\/www.albayrak.com.tr\/fr\/wp-json\/wp\/v2\/pages\/3","targetHints":{"allow":["GET"]}}],"collection":[{"href":"https:\/\/www.albayrak.com.tr\/fr\/wp-json\/wp\/v2\/pages"}],"about":[{"href":"https:\/\/www.albayrak.com.tr\/fr\/wp-json\/wp\/v2\/types\/page"}],"author":[{"embeddable":true,"href":"https:\/\/www.albayrak.com.tr\/fr\/wp-json\/wp\/v2\/users\/1"}],"replies":[{"embeddable":true,"href":"https:\/\/www.albayrak.com.tr\/fr\/wp-json\/wp\/v2\/comments?post=3"}],"version-history":[{"count":3,"href":"https:\/\/www.albayrak.com.tr\/fr\/wp-json\/wp\/v2\/pages\/3\/revisions"}],"predecessor-version":[{"id":1132,"href":"https:\/\/www.albayrak.com.tr\/fr\/wp-json\/wp\/v2\/pages\/3\/revisions\/1132"}],"wp:featuredmedia":[{"embeddable":true,"href":"https:\/\/www.albayrak.com.tr\/fr\/wp-json\/wp\/v2\/media\/1252"}],"wp:attachment":[{"href":"https:\/\/www.albayrak.com.tr\/fr\/wp-json\/wp\/v2\/media?parent=3"}],"curies":[{"name":"wp","href":"https:\/\/api.w.org\/{rel}","templated":true}]}}