{"id":317,"date":"2022-05-16T18:02:04","date_gmt":"2022-05-16T15:02:04","guid":{"rendered":"https:\/\/www.albayrak.com.tr\/fr\/?page_id=317"},"modified":"2022-08-26T11:07:01","modified_gmt":"2022-08-26T08:07:01","slug":"responsabilite-sociale","status":"publish","type":"page","link":"https:\/\/www.albayrak.com.tr\/fr\/responsabilite-sociale\/","title":{"rendered":"Responsabilit\u00e9 Sociale"},"content":{"rendered":"<div class=\"desc\">\n<p>La Fondation Albayrak a \u00e9t\u00e9 cr\u00e9\u00e9e en 2008 pour contribuer \u00e0 des d\u00e9veloppements positifs dans les domaines de l&#8217;\u00e9ducation, de la culture et de l&#8217;art, de la recherche scientifique et du d\u00e9veloppement, de la soci\u00e9t\u00e9, de la sant\u00e9 et de l&#8217;environnement. Les objectifs de la Fondation incluent :<\/p>\n<p>Contribuer \u00e0 l&#8217;am\u00e9lioration de la qualit\u00e9 de l&#8217;\u00e9ducation, aider \u00e0 former des personnes professionnelles, qualifi\u00e9es, fid\u00e8les \u00e0 leur patrie et \u00e0 leur nation dans les domaines dont notre pays a besoin. Combattre la pauvret\u00e9 partout dans le monde, en particulier dans notre pays, et contribuer au d\u00e9veloppement personnel et social des personnes dans les domaines sociaux et culturels. Offrir des possibilit\u00e9s d&#8217;\u00e9ducation \u00e0 ceux qui en ont besoin et offrir des possibilit\u00e9s de vie saine aux personnes en mauvaise sant\u00e9. Sensibiliser la soci\u00e9t\u00e9 \u00e0 la nature et \u00e0 l&#8217;environnement, cr\u00e9er des espaces verts et des for\u00eats et prot\u00e9ger ceux qui existent d\u00e9j\u00e0. Accro\u00eetre la sensibilisation aux artefacts historiques et contribuer \u00e0 la survie de ces artefacts.<\/p>\n<\/div>\n","protected":false},"excerpt":{"rendered":"<p>La Fondation Albayrak a \u00e9t\u00e9 cr\u00e9\u00e9e en 2008 pour contribuer \u00e0 des d\u00e9veloppements positifs dans les domaines de l&#8217;\u00e9ducation, de la culture et de l&#8217;art, de la recherche scientifique et du d\u00e9veloppement, de la soci\u00e9t\u00e9, de la sant\u00e9 et de l&#8217;environnement. Les objectifs de la Fondation incluent : Contribuer \u00e0 l&#8217;am\u00e9lioration de la qualit\u00e9 de [&hellip;]<\/p>\n","protected":false},"author":2,"featured_media":1188,"parent":0,"menu_order":0,"comment_status":"closed","ping_status":"closed","template":"","meta":{"footnotes":""},"class_list":["post-317","page","type-page","status-publish","has-post-thumbnail","hentry"],"_links":{"self":[{"href":"https:\/\/www.albayrak.com.tr\/fr\/wp-json\/wp\/v2\/pages\/317","targetHints":{"allow":["GET"]}}],"collection":[{"href":"https:\/\/www.albayrak.com.tr\/fr\/wp-json\/wp\/v2\/pages"}],"about":[{"href":"https:\/\/www.albayrak.com.tr\/fr\/wp-json\/wp\/v2\/types\/page"}],"author":[{"embeddable":true,"href":"https:\/\/www.albayrak.com.tr\/fr\/wp-json\/wp\/v2\/users\/2"}],"replies":[{"embeddable":true,"href":"https:\/\/www.albayrak.com.tr\/fr\/wp-json\/wp\/v2\/comments?post=317"}],"version-history":[{"count":8,"href":"https:\/\/www.albayrak.com.tr\/fr\/wp-json\/wp\/v2\/pages\/317\/revisions"}],"predecessor-version":[{"id":398,"href":"https:\/\/www.albayrak.com.tr\/fr\/wp-json\/wp\/v2\/pages\/317\/revisions\/398"}],"wp:featuredmedia":[{"embeddable":true,"href":"https:\/\/www.albayrak.com.tr\/fr\/wp-json\/wp\/v2\/media\/1188"}],"wp:attachment":[{"href":"https:\/\/www.albayrak.com.tr\/fr\/wp-json\/wp\/v2\/media?parent=317"}],"curies":[{"name":"wp","href":"https:\/\/api.w.org\/{rel}","templated":true}]}}