{"id":327,"date":"2022-05-16T18:03:39","date_gmt":"2022-05-16T15:03:39","guid":{"rendered":"https:\/\/www.albayrak.com.tr\/fr\/?page_id=327"},"modified":"2024-01-06T00:23:38","modified_gmt":"2024-01-05T21:23:38","slug":"etre-membre-de-la-famille-albayrak","status":"publish","type":"page","link":"https:\/\/www.albayrak.com.tr\/fr\/carriere\/etre-membre-de-la-famille-albayrak\/","title":{"rendered":"\u00caTRE MEMBRE DE LA FAMILLE ALBAYRAK"},"content":{"rendered":"<p><span style=\"vertical-align: inherit;\"><span style=\"vertical-align: inherit;\">Albayrak Grup olarak 1952&#8217;den bu yana en b\u00fcy\u00fck hayalimiz, ekonomisi daha b\u00fcy\u00fck, refah d\u00fczeyi daha y\u00fcksek bir T\u00fcrkiye olmak i\u00e7in \u00e7al\u0131\u015fmakt\u0131r.<\/span><\/span><\/p>\n<p><span style=\"vertical-align: inherit;\"><span style=\"vertical-align: inherit;\">\u0130\u015fimizin takibinde en \u00f6nemli deste\u011fimiz bu \u00fclkenin insan kayna\u011f\u0131na duydu\u011fumuz g\u00fcvendir. <\/span><span style=\"vertical-align: inherit;\">Sekt\u00f6r ve pozisyon ne olursa olsun, sadece kendisi ve i\u015fi i\u00e7in de\u011fil, \u00fclkesi i\u00e7in de ba\u015farmak isteyen insanlarla \u00e7al\u0131\u015fmay\u0131 ilke ediniriz.<\/span><\/span><\/p>\n<p><span style=\"vertical-align: inherit;\"><span style=\"vertical-align: inherit;\">T\u00fcrk&#8217;\u00fcn k\u00f6kl\u00fc ve g\u00fc\u00e7l\u00fc \u015firketlerinden biri olan Albayrak Grubu, in\u015faat sekt\u00f6r\u00fc ile ba\u015flad\u0131\u011f\u0131 yolculu\u011funa, sekt\u00f6r, turizm ve turizm sekt\u00f6rlerinde d\u00fczenli olarak faaliyet g\u00f6steren 50&#8217;ye yak\u0131n \u015firket ve marka yay\u0131n kurulu\u015fu ile i\u015f d\u00fcnyas\u0131n\u0131n en g\u00fcvenilen gruplar\u0131ndan biri olmaya devam etmektedir. , lojistik, hizmet ve medya sekt\u00f6rleri ve 10.000&#8217;den fazla \u00e7al\u0131\u015fan.<\/span><\/span><\/p>\n<p><span style=\"vertical-align: inherit;\"><span style=\"vertical-align: inherit;\">Temel de\u011ferlerini i\u00e7selle\u015ftirmi\u015f personeli ile bulundu\u011fu sekt\u00f6rlere y\u00f6n veren, yeniliklere a\u00e7\u0131k, ba\u015far\u0131l\u0131 stratejileri ile her zaman \u00fcr\u00fcn ve hizmet kalitesini y\u00fckseltmeyi hedefleyen, yurt i\u00e7i yurtd\u0131\u015f\u0131 i\u015flerini y\u00fcr\u00fcten bir \u015firket olman\u0131n yan\u0131 s\u0131ra, ulusal ve manevi de\u011ferlerine ba\u011fl\u0131, sekt\u00f6rdeki geli\u015fmeleri ve piyasa taleplerini yak\u0131ndan takip eden bir \u015firket olan \u015firketimiz, teknolojinin geli\u015fimine paralel olarak \u00fcr\u00fcn ve hizmetlerini sunmaya ve T\u00fcrkiye ekonomisine b\u00fcy\u00fck katk\u0131 sa\u011flamaya devam etmektedir.<\/span><\/span><\/p>\n<p><span style=\"vertical-align: inherit;\"><span style=\"vertical-align: inherit;\">70 y\u0131ld\u0131r vizyonumuzu s\u00fcrekli geli\u015ftirerek ba\u015fard\u0131klar\u0131m\u0131z, \u015fimdi daha fazlas\u0131n\u0131 yapmak ve bizi hayallerimize yakla\u015ft\u0131rmak i\u00e7in bir sorumluluk y\u00fckl\u00fcyor.<\/span><\/span><\/p>\n<p><span style=\"vertical-align: inherit;\"><span style=\"vertical-align: inherit;\">&#8220;Ben bu sorumlulu\u011fu payla\u015fmaya haz\u0131r\u0131m&#8221; diyorsan, gel Albayrak Grubu i\u00e7indeki en b\u00fcy\u00fck hayalimizi ger\u00e7ekle\u015ftirmek i\u00e7in birlikte \u00e7al\u0131\u015fal\u0131m.<\/span><\/span><\/p>\n<p><span style=\"vertical-align: inherit;\"><span style=\"vertical-align: inherit;\">A\u00e7\u0131k i\u015f ilanlar\u0131m\u0131z\u0131 <\/span><\/span><strong><a href=\"https:\/\/www.kariyer.net\/firma-profil\/albayrak-grubu-4429-29312\"><span style=\"vertical-align: inherit;\"><span style=\"vertical-align: inherit;\">kariyer.net<\/span><\/span><\/a><\/strong><span style=\"vertical-align: inherit;\"><span style=\"vertical-align: inherit;\"> ve <\/span><\/span><strong><a href=\"https:\/\/www.secretcv.com\/firma\/albayrak-grubu-is-ilanlari\"><span style=\"vertical-align: inherit;\"><span style=\"vertical-align: inherit;\">secretcv.com<\/span><\/span><\/a><\/strong><span style=\"vertical-align: inherit;\"><span style=\"vertical-align: inherit;\"> \u00fczerinden inceleyebilir ve ba\u015fvuruda bulunabilirsiniz.<\/span><\/span><\/p>\n<p><span style=\"vertical-align: inherit;\"><span style=\"vertical-align: inherit;\">Talepte bulunmak ve ileti\u015fim i\u00e7in: <\/span><\/span><a href=\"mailto:ik@albayrak.com.tr\"><strong><span style=\"vertical-align: inherit;\"><span style=\"vertical-align: inherit;\">ik@albayrak.com.tr<\/span><\/span><\/strong><\/a><\/p>\n","protected":false},"excerpt":{"rendered":"<p>Albayrak Grup olarak 1952&#8217;den bu yana en b\u00fcy\u00fck hayalimiz, ekonomisi daha b\u00fcy\u00fck, refah d\u00fczeyi daha y\u00fcksek bir T\u00fcrkiye olmak i\u00e7in \u00e7al\u0131\u015fmakt\u0131r. \u0130\u015fimizin takibinde en \u00f6nemli deste\u011fimiz bu \u00fclkenin insan kayna\u011f\u0131na duydu\u011fumuz g\u00fcvendir. Sekt\u00f6r ve pozisyon ne olursa olsun, sadece kendisi ve i\u015fi i\u00e7in de\u011fil, \u00fclkesi i\u00e7in de ba\u015farmak isteyen insanlarla \u00e7al\u0131\u015fmay\u0131 ilke ediniriz. T\u00fcrk&#8217;\u00fcn k\u00f6kl\u00fc [&hellip;]<\/p>\n","protected":false},"author":2,"featured_media":1375,"parent":298,"menu_order":0,"comment_status":"closed","ping_status":"closed","template":"","meta":{"footnotes":""},"class_list":["post-327","page","type-page","status-publish","has-post-thumbnail","hentry"],"_links":{"self":[{"href":"https:\/\/www.albayrak.com.tr\/fr\/wp-json\/wp\/v2\/pages\/327","targetHints":{"allow":["GET"]}}],"collection":[{"href":"https:\/\/www.albayrak.com.tr\/fr\/wp-json\/wp\/v2\/pages"}],"about":[{"href":"https:\/\/www.albayrak.com.tr\/fr\/wp-json\/wp\/v2\/types\/page"}],"author":[{"embeddable":true,"href":"https:\/\/www.albayrak.com.tr\/fr\/wp-json\/wp\/v2\/users\/2"}],"replies":[{"embeddable":true,"href":"https:\/\/www.albayrak.com.tr\/fr\/wp-json\/wp\/v2\/comments?post=327"}],"version-history":[{"count":10,"href":"https:\/\/www.albayrak.com.tr\/fr\/wp-json\/wp\/v2\/pages\/327\/revisions"}],"predecessor-version":[{"id":1606,"href":"https:\/\/www.albayrak.com.tr\/fr\/wp-json\/wp\/v2\/pages\/327\/revisions\/1606"}],"up":[{"embeddable":true,"href":"https:\/\/www.albayrak.com.tr\/fr\/wp-json\/wp\/v2\/pages\/298"}],"wp:featuredmedia":[{"embeddable":true,"href":"https:\/\/www.albayrak.com.tr\/fr\/wp-json\/wp\/v2\/media\/1375"}],"wp:attachment":[{"href":"https:\/\/www.albayrak.com.tr\/fr\/wp-json\/wp\/v2\/media?parent=327"}],"curies":[{"name":"wp","href":"https:\/\/api.w.org\/{rel}","templated":true}]}}